{"id":286,"date":"2016-10-31T13:17:59","date_gmt":"2016-10-31T16:17:59","guid":{"rendered":"https:\/\/enscapdevila-cba.infd.edu.ar\/sitio\/?page_id=286"},"modified":"2025-12-26T09:11:23","modified_gmt":"2025-12-26T12:11:23","slug":"inicio","status":"publish","type":"page","link":"https:\/\/enscapdevila-cba.infd.edu.ar\/sitio\/","title":{"rendered":"Inicio"},"content":{"rendered":"\n<p><\/p>\n\n\n\n<h4>Esta p\u00e1gina se encuentra en proceso de reestructuraci\u00f3n y modernizaci\u00f3n, por lo que si le sale error en algunas de las opciones es precisamente por la raz\u00f3n anteriormente mencionada, se pide disculpas por los inconvenientes ocasionados<\/h4>\n\n\n<div class=\"wp-block-image\">\n<figure class=\"aligncenter size-full\"><img decoding=\"async\" loading=\"lazy\" width=\"1024\" height=\"1024\" src=\"https:\/\/enscapdevila-cba.infd.edu.ar\/sitio\/wp-content\/uploads\/2025\/12\/gruablanco.png\" alt=\"\" class=\"wp-image-1512\" srcset=\"https:\/\/enscapdevila-cba.infd.edu.ar\/sitio\/wp-content\/uploads\/2025\/12\/gruablanco.png 1024w, https:\/\/enscapdevila-cba.infd.edu.ar\/sitio\/wp-content\/uploads\/2025\/12\/gruablanco-1000x1000.png 1000w, https:\/\/enscapdevila-cba.infd.edu.ar\/sitio\/wp-content\/uploads\/2025\/12\/gruablanco-500x500.png 500w, https:\/\/enscapdevila-cba.infd.edu.ar\/sitio\/wp-content\/uploads\/2025\/12\/gruablanco-768x768.png 768w\" sizes=\"(max-width: 1024px) 100vw, 1024px\" \/><\/figure><\/div>\n\n\n<div class=\"container\">\n            <div class=\"footer-info\">\n                <p>&copy; 2025 Ensac. Todos los derechos reservados.<\/p>\n                <address>\n                    Direcci\u00f3n: Calle Malvinas Argentinas 779, B\u00aa Alto el Gigante, La Falda, Punilla, C\u00f3rdoba, Argentina<br>\n                    Email: ensac13lafalda@gmail.com <br>\n                    Email institucional: <br>\n                    Email nivel superior: ensaclafalda.nivelsuperior@gmail.com<br>\n                <\/address>\n            <\/div>\n            <div class=\"social-media\">\n                <a href=\"\/sitio\/contacto\/\">M\u00e1s informaci\u00f3n<\/a>\n            <\/div>\n        <\/div>\n","protected":false},"excerpt":{"rendered":"<p>Esta p\u00e1gina se encuentra en proceso de reestructuraci\u00f3n y modernizaci\u00f3n, por lo que si le sale error en algunas de las opciones es precisamente por la raz\u00f3n anteriormente mencionada, se pide disculpas por los inconvenientes ocasionados &copy; 2025 Ensac. Todos los derechos reservados. Direcci\u00f3n: Calle Malvinas Argentinas 779, B\u00aa Alto el Gigante, La Falda, Punilla, &#8230; <a title=\"Inicio\" class=\"read-more\" href=\"https:\/\/enscapdevila-cba.infd.edu.ar\/sitio\/\" aria-label=\"More on Inicio\">[+]<\/a><\/p>\n","protected":false},"author":1676,"featured_media":0,"parent":0,"menu_order":0,"comment_status":"closed","ping_status":"closed","template":"","meta":[],"acf":[],"_links":{"self":[{"href":"https:\/\/enscapdevila-cba.infd.edu.ar\/sitio\/wp-json\/wp\/v2\/pages\/286"}],"collection":[{"href":"https:\/\/enscapdevila-cba.infd.edu.ar\/sitio\/wp-json\/wp\/v2\/pages"}],"about":[{"href":"https:\/\/enscapdevila-cba.infd.edu.ar\/sitio\/wp-json\/wp\/v2\/types\/page"}],"author":[{"embeddable":true,"href":"https:\/\/enscapdevila-cba.infd.edu.ar\/sitio\/wp-json\/wp\/v2\/users\/1676"}],"replies":[{"embeddable":true,"href":"https:\/\/enscapdevila-cba.infd.edu.ar\/sitio\/wp-json\/wp\/v2\/comments?post=286"}],"version-history":[{"count":134,"href":"https:\/\/enscapdevila-cba.infd.edu.ar\/sitio\/wp-json\/wp\/v2\/pages\/286\/revisions"}],"predecessor-version":[{"id":1513,"href":"https:\/\/enscapdevila-cba.infd.edu.ar\/sitio\/wp-json\/wp\/v2\/pages\/286\/revisions\/1513"}],"wp:attachment":[{"href":"https:\/\/enscapdevila-cba.infd.edu.ar\/sitio\/wp-json\/wp\/v2\/media?parent=286"}],"curies":[{"name":"wp","href":"https:\/\/api.w.org\/{rel}","templated":true}]}}