{"id":1322,"date":"2025-12-09T19:06:05","date_gmt":"2025-12-09T22:06:05","guid":{"rendered":"https:\/\/enscapdevila-cba.infd.edu.ar\/sitio\/?page_id=1322"},"modified":"2025-12-26T12:22:39","modified_gmt":"2025-12-26T15:22:39","slug":"ingresos","status":"publish","type":"page","link":"https:\/\/enscapdevila-cba.infd.edu.ar\/sitio\/ingresos\/","title":{"rendered":"Pre-inscripci\u00f3n 2026"},"content":{"rendered":"\n<h2 style=\"\n        text-align: center;\n        color: #333;\n    \">\n        Bienvenidos ingresantes 2026\n    <\/h2>\n\n\n\n<p><\/p>\n\n\n\n<p><\/p>\n\n\n<div class=\"wp-block-image\">\n<figure class=\"aligncenter size-large is-resized\"><img decoding=\"async\" loading=\"lazy\" src=\"https:\/\/enscapdevila-cba.infd.edu.ar\/sitio\/wp-content\/uploads\/2025\/12\/Flyer-Publicidad-PRE-INSCRIPCIONES-2026-1-1343x1900.png\" alt=\"\" class=\"wp-image-1370\" width=\"536\" height=\"759\" srcset=\"https:\/\/enscapdevila-cba.infd.edu.ar\/sitio\/wp-content\/uploads\/2025\/12\/Flyer-Publicidad-PRE-INSCRIPCIONES-2026-1-1343x1900.png 1343w, https:\/\/enscapdevila-cba.infd.edu.ar\/sitio\/wp-content\/uploads\/2025\/12\/Flyer-Publicidad-PRE-INSCRIPCIONES-2026-1-707x1000.png 707w, https:\/\/enscapdevila-cba.infd.edu.ar\/sitio\/wp-content\/uploads\/2025\/12\/Flyer-Publicidad-PRE-INSCRIPCIONES-2026-1-768x1086.png 768w, https:\/\/enscapdevila-cba.infd.edu.ar\/sitio\/wp-content\/uploads\/2025\/12\/Flyer-Publicidad-PRE-INSCRIPCIONES-2026-1-1086x1536.png 1086w, https:\/\/enscapdevila-cba.infd.edu.ar\/sitio\/wp-content\/uploads\/2025\/12\/Flyer-Publicidad-PRE-INSCRIPCIONES-2026-1-1448x2048.png 1448w, https:\/\/enscapdevila-cba.infd.edu.ar\/sitio\/wp-content\/uploads\/2025\/12\/Flyer-Publicidad-PRE-INSCRIPCIONES-2026-1.png 1587w\" sizes=\"(max-width: 536px) 100vw, 536px\" \/><\/figure><\/div>\n\n\n<h3>Preinscripci\u00f3n<\/h3>\n\n<h4 style=\"\n        text-align: justify;\n        color: #333;\n        font-family: Arial, sans-serif;\n    \">La Escuela Normal Superior &quot;Arturo Capdevilla&quot; abre las preinscripciones a las carreras de formaci\u00f3n docente a partir del 16 de noviembre al 23 de diciembre del 2025.<\/h4>\n\n<h4>Los pasos a seguir son:<\/h4>\n<ol>\n\n<li value=\"1\">Realizar la pre-inscripci\u00f3n a trav\u00e9s del Ciudadano Digital (CiDi) ingresando al siguiente link: <a href=\"https:\/\/gestionestudiantes.cba.gov.ar\/NoUsuario\/ConsultaSuperior.aspx\"> Ingrese aqu\u00ed<\/a><\/li><br>\n\n<li>Presentar la siguiente documentaci\u00f3n en la instituci\u00f3n, de lunes a viernes de 17hs a 21hs:<\/li>\n\n\n\n<ul>\n        <li>&#x1f4cd;Fotocopia DNI<\/li>\n        <li>&#x1f4cd;Fotocopia partida de nacimiento<\/li>\n        <li>&#x1f4cd;Dos fotos 4&#215;4 (color)<\/li>       \n        <li>&#x1f4cd;Fotocopia del anal\u00edtico de secundario<\/li>\n        <li>&#x1f4cd;Completar ficha de inscripci\u00f3n (<a href=\"https:\/\/docs.google.com\/document\/d\/1mTjdgIOA1BLAMwfKLqVxhIP6YVmWzXMt\/edit?usp=drive_link&#038;ouid=103578489182202983269&#038;rtpof=true&#038;sd=true\">Descargue aqu\u00ed<\/a>)<\/li>\n        <li> &#x1f4cd;Presentar Ficha m\u00e9dica (CUS) &#8211; (actualizado 2026)<\/li>\n        <li>&#x1f4cd;Certificado de no inscripci\u00f3n al Registro Provincial de Personas Condenadas por Delitos contra la Integridad Sexual (Ley 9680) &#8211; Se tramita por CiDi. (actualizado 2026)<\/li>\n        <li> &#x1f4cd;Certificado de Delitos Penales (actualizado 2026)<\/li>\n        <li>&#x1f4cd;Pago de matr\u00edcula 2026<\/li>\n    <\/ul><br>\n\n<li>\n  El Seminario de Ingreso a la Educaci\u00f3n Superior 2026 dar\u00e1 inicio el d\u00eda lunes 2 de marzo a las 18:00 hs en el establecimiento educativo.\n  A continuaci\u00f3n, se detalla el cronograma de actividades. <br><br>\n  T\u00e9ngase en cuenta que las casillas con fondo \n  <span style=\"color:#6ee76e; font-weight:bold;\">verde<\/span> \n  corresponden a actividades virtuales, mientras que las casillas con fondo \n  <span style=\"color:#d6eaf8; font-weight:bold;\">azul<\/span> \n  indican actividades presenciales. <br><br>\n  Asimismo, los t\u00edtulos tambi\u00e9n diferencian la orientaci\u00f3n de cada actividad: cuando se presentan en color negro corresponden a ambas carreras; en color \n  <span style=\"color:#7D3C98; font-weight:bold;\">morado<\/span> \n  son espec\u00edficas del Profesorado de Ingl\u00e9s (PI); y en color \n  <span style=\"color:#B7950B; font-weight:bold;\">dorado<\/span> \n  corresponden al Profesorado de Educaci\u00f3n Primaria (PEP).\n<\/li>\n\n<\/ol>\n\n\n\n<div style=\"width:100%; font-family:'Times New Roman', Times, serif; margin-bottom:50px;\">\n\n<!-- =============== SEMANA 1 =============== -->\n<table style=\"width:100%; border-collapse:collapse; table-layout:fixed; margin-bottom:30px;\">\n<thead>\n<th colspan=\"6\" style=\"background-color:#2c3e50; color:white; padding:15px; border:1px solid #dee2e6; text-align: center; text-transform: uppercase;\">SEMANA 1<\/th>\n<tr style=\"background-color: #f8f9fa; font-weight: bold; border: 1px solid #dee2e6;\">\n<td style=\"padding: 10px; border: 1px solid #dee2e6; text-align: center; width: 80px;\">Hora<\/td>\n<td style=\"padding: 10px; border: 1px solid #dee2e6; text-align: center;\">Lun<br><span style=\"font-weight: normal; font-size: 0.85em; color: #666;\">02\/03\/2026<\/span><\/td>\n<td style=\"padding: 10px; border: 1px solid #dee2e6; text-align: center;\">Mar<br><span style=\"font-weight: normal; font-size: 0.85em; color: #666;\">03\/03\/2026<\/span><\/td>\n<td style=\"padding: 10px; border: 1px solid #dee2e6; text-align: center;\">Mi\u00e9<br><span style=\"font-weight: normal; font-size: 0.85em; color: #666;\">04\/03\/2026<\/span><\/td>\n<td style=\"padding: 10px; border: 1px solid #dee2e6; text-align: center;\">Jue<br><span style=\"font-weight: normal; font-size: 0.85em; color: #666;\">05\/03\/2026<\/span><\/td>\n<td style=\"padding: 10px; border: 1px solid #dee2e6; text-align: center;\">Vie<br><span style=\"font-weight: normal; font-size: 0.85em; color: #666;\">06\/03\/2026<\/span><\/td>\n<\/tr>\n<\/thead>\n\n<tbody>\n<tr>\n<td style=\"border:1px solid #dee2e6; font-weight:bold;\">18:00 A 19:45<\/td>\n\n<td style=\"border:1px solid #dee2e6; background-color:#d6eaf8; color:#000;\">\n<strong style=\"color: #000;\">(PRESENCIAL)<\/strong><br>M\u00d3DULO 1: Ser Estudiante, Devenir Docente\n<\/td>\n\n<td style=\"border:1px solid #dee2e6; background-color:#6ee76e; color:#000;\">\n<strong>(VIRTUAL SINCR\u00d3NICO)<\/strong><br>M\u00d3DULO 2: Alfabetizaci\u00f3n M\u00faltiple \u2013 Cursar en Modalidad Combinada\n<\/td>\n\n<td style=\"border:1px solid #dee2e6; background-color:#6ee76e; color:#000;\">\n<strong>(VIRTUAL SINCR\u00d3NICO)<\/strong><br>M\u00d3DULO 2: Alfabetizaci\u00f3n M\u00faltiple \u2013 Cursar en Modalidad Combinada\n<\/td>\n\n<td style=\"border:1px solid #dee2e6; background-color:#fff; color:#000; text-align:center;\">&#8211;<\/td>\n\n<td style=\"border:1px solid #dee2e6; background-color:#d6eaf8; color:#000;\">\n<strong>(PRESENCIAL)<\/strong><br>M\u00d3DULO 1: Ser Estudiante, Devenir Docente\n<\/td>\n<\/tr>\n\n<tr>\n<td style=\"border:1px solid #dee2e6; font-weight:bold; background-color:#fff;\">19:45 A 19:55<\/td>\n<td colspan=\"5\" style=\"border:1px solid #dee2e6; font-weight:bold; background-color:#fff; text-align:center;\">RECREO<\/td>\n<\/tr>\n\n<tr>\n<td style=\"border:1px solid #dee2e6; font-weight:bold;\">19:55 A 21:30<\/td>\n\n<td style=\"border:1px solid #d6eaf8; background-color:#d6eaf8; color:#000;\">\n<strong>(PRESENCIAL)<\/strong><br>M\u00d3DULO 1: Ser Estudiante, Devenir Docente\n<\/td>\n\n<td style=\"border:1px solid #dee2e6; background-color:#6ee76e; color:#000;\">\n<strong>(VIRTUAL ASINCR\u00d3NICO)<\/strong><br>M\u00d3DULO 2: Alfabetizaci\u00f3n M\u00faltiple \u2013 Cursar en Modalidad Combinada\n<\/td>\n\n<td style=\"border:1px solid #dee2e6; background-color:#6ee76e; color:#000;\">\n<strong>(VIRTUAL ASINCR\u00d3NICO)<\/strong><br>M\u00d3DULO 2: Alfabetizaci\u00f3n M\u00faltiple \u2013 Cursar en Modalidad Combinada\n<\/td>\n\n<td style=\"border:1px solid #dee2e6; background-color:#fff; color:#000; text-align:center;\">&#8211;<\/td>\n\n<td style=\"border:1px solid #dee2e6; background-color:#6ee76e; font-style:italic; color:#000;\">\n<strong>TUTOR\u00cdAS<\/strong>\n<\/tr>\n<\/tbody>\n<\/table>\n\n<!-- =============== SEMANA 2 =============== -->\n<table style=\"width:100%; border-collapse:collapse; table-layout:fixed;\">\n\n<thead>\n<th colspan=\"6\" style=\"background-color:#2c3e50; color:white; padding:15px; border:1px solid #dee2e6; text-align: center; text-transform: uppercase;\">SEMANA 2<\/th>\n<tr style=\"background-color: #f8f9fa; font-weight: bold; border: 1px solid #dee2e6;\">\n<td style=\"padding: 10px; border: 1px solid #dee2e6; text-align: center; width: 80px;\">Hora<\/td>\n<td style=\"padding: 10px; border: 1px solid #dee2e6; text-align: center;\">Lun<br><span style=\"font-weight: normal; font-size: 0.85em; color: #666;\">09\/03\/2026<\/span><\/td>\n<td style=\"padding: 10px; border: 1px solid #dee2e6; text-align: center;\">Mar<br><span style=\"font-weight: normal; font-size: 0.85em; color: #666;\">10\/03\/2026<\/span><\/td>\n<td style=\"padding: 10px; border: 1px solid #dee2e6; text-align: center;\">Mi\u00e9<br><span style=\"font-weight: normal; font-size: 0.85em; color: #666;\">11\/03\/2026<\/span><\/td>\n<td style=\"padding: 10px; border: 1px solid #dee2e6; text-align: center;\">Jue<br><span style=\"font-weight: normal; font-size: 0.85em; color: #666;\">12\/03\/2026<\/span><\/td>\n<td style=\"padding: 10px; border: 1px solid #dee2e6; text-align: center;\">Vie<br><span style=\"font-weight: normal; font-size: 0.85em; color: #666;\">13\/03\/2026<\/span><\/td>\n<\/tr>\n<\/thead>\n\n<tbody>\n<tr>\n<td style=\"border:1px solid #dee2e6; font-weight:bold;\">18:00 A 19:45<\/td>\n\n<td style=\"border:1px solid #dee2e6; background-color:#d6eaf8; color:#000;\">\n<strong style=\"color: #7D3C98;\">(PRESENCIAL SOLO INGRESANTES PI)<\/strong><br>M\u00d3DULO 3\/PI: Voices begin \u2013 Entering the world of English Teaching\n<\/td>\n\n<td style=\"border:1px solid #dee2e6; background-color:#d6eaf8; color:#000;\">\n<strong style=\"color: #7D3C98;\">(PRESENCIAL SOLO INGRESANTES PI)<\/strong><br>M\u00d3DULO 3\/PI: Identities \u2013 Three words about me\n<\/td>\n\n<td style=\"border:1px solid #dee2e6; text-align:center; background-color:#fff;\">&#8211;<\/td>\n\n<td style=\"border:1px solid #dee2e6; background-color:#d6eaf8; color:#000;\">\n<strong style=\"color: #B7950B;\">(PRESENCIAL SOLO INGRESANTES PEP)<\/strong><br>M\u00d3DULO 3\/PEP: Estamos hechos de palabras\n<\/td>\n\n<td style=\"border:1px solid #dee2e6; background-color:#d6eaf8; color:#000;\">\n<strong style=\"color: #B7950B;\">(PRESENCIAL SOLO INGRESANTES PEP)<\/strong><br>M\u00d3DULO 3\/PEP: Estamos hechos de palabras \u2013 Los quehaceres del escritor\n<\/td>\n<\/tr>\n\n<tr>\n<td style=\"border:1px solid #dee2e6; font-weight:bold; background-color:#fff;\">19:45 A 19:55<\/td>\n<td colspan=\"5\" style=\"border:1px solid #dee2e6; font-weight:bold; background-color:#fff; text-align:center;\">RECREO<\/td>\n<\/tr>\n\n<tr>\n<td style=\"border:1px solid #dee2e6; font-weight:bold;\">19:55 A 21:30<\/td>\n\n<td style=\"border:1px solid #d6eaf8; background-color:#d6eaf8; color:#000;\">\n<strong style=\"color: #7D3C98;\">(PRESENCIAL SOLO INGRESANTES PI)<\/strong><br>M\u00d3DULO 3\/PI: Trazando el recorrido por delante \u2013 Mapping the way ahead\n<\/td>\n\n<td style=\"border:1px solid #dee2e6; background-color:#6ee76e; color:#000;\">\n<strong style=\"color: #7D3C98;\">(VIRTUAL ASINCR\u00d3NICO SOLO INGRESANTES PI)<\/strong><br>M\u00d3DULO 3\/PI: Introducci\u00f3n al ingl\u00e9s \u2013 One sentence about me\n<\/td>\n\n<td style=\"border:1px solid #dee2e6; text-align:center; background-color:#fff;\">&#8211;<\/td>\n\n<td style=\"border:1px solid #dee2e6; background-color:#6ee76e; color:#000;\">\n<strong>(VIRTUAL SINCR\u00d3NICO)<\/strong><br>M\u00d3DULO 4: Ser estudiante de Nivel Superior \u2013 Participaci\u00f3n estudiantil\n<\/td>\n\n<td style=\"border:1px solid #dee2e6; background-color:#6ee76e; font-style:italic; color:#000;\">\n<strong>TUTOR\u00cdAS<\/strong>\n<\/td>\n<\/tr>\n<\/tbody>\n<\/table>\n\n<\/div>\n\n\n\n","protected":false},"excerpt":{"rendered":"<p>Bienvenidos ingresantes 2026 Preinscripci\u00f3n La Escuela Normal Superior &quot;Arturo Capdevilla&quot; abre las preinscripciones a las carreras de formaci\u00f3n docente a partir del 16 de noviembre al 23 de diciembre del 2025. Los pasos a seguir son: Realizar la pre-inscripci\u00f3n a trav\u00e9s del Ciudadano Digital (CiDi) ingresando al siguiente link: Ingrese aqu\u00ed Presentar la siguiente documentaci\u00f3n &#8230; <a title=\"Pre-inscripci\u00f3n 2026\" class=\"read-more\" href=\"https:\/\/enscapdevila-cba.infd.edu.ar\/sitio\/ingresos\/\" aria-label=\"More on Pre-inscripci\u00f3n 2026\">[+]<\/a><\/p>\n","protected":false},"author":1676,"featured_media":0,"parent":0,"menu_order":0,"comment_status":"closed","ping_status":"closed","template":"","meta":[],"acf":[],"_links":{"self":[{"href":"https:\/\/enscapdevila-cba.infd.edu.ar\/sitio\/wp-json\/wp\/v2\/pages\/1322"}],"collection":[{"href":"https:\/\/enscapdevila-cba.infd.edu.ar\/sitio\/wp-json\/wp\/v2\/pages"}],"about":[{"href":"https:\/\/enscapdevila-cba.infd.edu.ar\/sitio\/wp-json\/wp\/v2\/types\/page"}],"author":[{"embeddable":true,"href":"https:\/\/enscapdevila-cba.infd.edu.ar\/sitio\/wp-json\/wp\/v2\/users\/1676"}],"replies":[{"embeddable":true,"href":"https:\/\/enscapdevila-cba.infd.edu.ar\/sitio\/wp-json\/wp\/v2\/comments?post=1322"}],"version-history":[{"count":105,"href":"https:\/\/enscapdevila-cba.infd.edu.ar\/sitio\/wp-json\/wp\/v2\/pages\/1322\/revisions"}],"predecessor-version":[{"id":1639,"href":"https:\/\/enscapdevila-cba.infd.edu.ar\/sitio\/wp-json\/wp\/v2\/pages\/1322\/revisions\/1639"}],"wp:attachment":[{"href":"https:\/\/enscapdevila-cba.infd.edu.ar\/sitio\/wp-json\/wp\/v2\/media?parent=1322"}],"curies":[{"name":"wp","href":"https:\/\/api.w.org\/{rel}","templated":true}]}}